{"id":13,"date":"2026-04-17T21:47:03","date_gmt":"2026-04-17T21:47:03","guid":{"rendered":"https:\/\/learninriver.digital\/?page_id=13"},"modified":"2026-04-18T12:29:54","modified_gmt":"2026-04-18T12:29:54","slug":"inicio","status":"publish","type":"page","link":"https:\/\/learninriver.digital\/","title":{"rendered":"Inicio"},"content":{"rendered":"\n<div class=\"wp-block-cover alignfull\" style=\"padding-top:2%;min-height:100vh;aspect-ratio:unset;\"><img loading=\"lazy\" decoding=\"async\" width=\"1024\" height=\"576\" class=\"wp-block-cover__image-background wp-image-23 size-large\" alt=\"\" src=\"https:\/\/learninriver.digital\/wp-content\/uploads\/2026\/04\/22-1024x576.webp\" data-object-fit=\"cover\" srcset=\"https:\/\/learninriver.digital\/wp-content\/uploads\/2026\/04\/22-1024x576.webp 1024w, https:\/\/learninriver.digital\/wp-content\/uploads\/2026\/04\/22-300x169.webp 300w, https:\/\/learninriver.digital\/wp-content\/uploads\/2026\/04\/22-768x432.webp 768w, https:\/\/learninriver.digital\/wp-content\/uploads\/2026\/04\/22.webp 1380w\" sizes=\"auto, (max-width: 1024px) 100vw, 1024px\" \/><span aria-hidden=\"true\" class=\"wp-block-cover__background has-background-dim-0 has-background-dim\" style=\"background-color:#726a66\"><\/span><div class=\"wp-block-cover__inner-container has-global-padding is-layout-constrained wp-container-core-cover-is-layout-ee51f2d2 wp-block-cover-is-layout-constrained\">\n<div class=\"wp-block-group alignwide is-vertical is-content-justification-center is-layout-flex wp-container-core-group-is-layout-b6c1f246 wp-block-group-is-layout-flex\" style=\"min-height:35rem\">\n<div class=\"wp-block-group has-global-padding is-layout-constrained wp-container-core-group-is-layout-1c662c3c wp-block-group-is-layout-constrained\">\n<h3 class=\"wp-block-heading has-text-align-center has-text-color has-hedvig-letters-serif-regular-font-family\" style=\"color:#ffffff;margin-bottom:1rem;font-size:clamp(2.156rem, 2.156rem + ((1vw - 0.2rem) * 3.171), 3.9rem);font-style:normal;font-weight:400;line-height:1;text-transform:none\">Energ\u00eda con visi\u00f3n.<\/h3>\n\n\n\n<p class=\"has-text-align-center has-text-color has-link-color wp-elements-24d6649472f6e2e2fb21f3ea0a573569\" style=\"color:#ffffff;font-size:clamp(0.875rem, 0.875rem + ((1vw - 0.2rem) * 0.591), 1.2rem);\">Ideas sostenibles para transformar el presente.<\/p>\n\n\n\n<div class=\"wp-block-group has-global-padding is-content-justification-center is-layout-constrained wp-container-core-group-is-layout-9b3804fc wp-block-group-is-layout-constrained\" style=\"margin-top:30px\">\n<div class=\"wp-block-buttons is-horizontal is-content-justification-right is-layout-flex wp-container-core-buttons-is-layout-e5324bbf wp-block-buttons-is-layout-flex\" style=\"margin-top:0.21rem\">\n<div class=\"wp-block-button has-custom-width wp-block-button__width-100 is-style-fill\"><a class=\"wp-block-button__link has-text-color has-background has-custom-font-size wp-element-button\" href=\"https:\/\/learninriver.digital\/?page_id=18\" style=\"border-style:none;border-width:0px;border-radius:2.5rem;color:#242925;background-color:#ffffff;padding-top:1.1rem;padding-right:0.81rem;padding-bottom:1.1rem;padding-left:0.81rem;font-size:clamp(0.875rem, 0.875rem + ((1vw - 0.2rem) * 0.227), 1rem);font-style:normal;font-weight:500;line-height:1;text-transform:capitalize\">Desc\u00fabrelo<\/a><\/div>\n<\/div>\n<\/div>\n<\/div>\n<\/div>\n<\/div><\/div>\n\n\n\n<section class=\"wp-block-group alignfull has-text-color has-background has-global-padding is-layout-constrained wp-container-core-group-is-layout-83ee5e76 wp-block-group-is-layout-constrained\" style=\"color:#212121;background-color:#f5f5f5;margin-top:0rem;padding-right:1rem;padding-left:1rem;font-size:clamp(0.875rem, 0.875rem + ((1vw - 0.2rem) * 0.464), 1.13rem);font-style:normal;font-weight:400;line-height:1.5\">\n<div class=\"wp-block-group has-global-padding is-layout-constrained wp-container-core-group-is-layout-0f2e7412 wp-block-group-is-layout-constrained\" style=\"padding-top:5.01rem;padding-bottom:4.01rem\">\n<div class=\"wp-block-columns is-not-stacked-on-mobile is-layout-flex wp-container-core-columns-is-layout-713970fd wp-block-columns-is-layout-flex\">\n<div class=\"wp-block-column has-global-padding is-layout-constrained wp-container-core-column-is-layout-c6e25a76 wp-block-column-is-layout-constrained\" style=\"border-right-style:none;border-right-width:0px;padding-right:1rem;padding-left:1rem\">\n<h6 class=\"wp-block-heading has-text-align-center has-text-color has-hedvig-letters-serif-regular-font-family\" style=\"color:#242925;margin-bottom:0.51rem;font-size:clamp(1.551rem, 1.551rem + ((1vw - 0.2rem) * 1.907), 2.6rem);line-height:1.3;text-transform:capitalize\">88%<\/h6>\n\n\n\n<p class=\"has-text-align-center has-text-color\" style=\"color:#212121;margin-top:0px;margin-bottom:1.77rem;font-size:clamp(0.875rem, 0.875rem + ((1vw - 0.2rem) * 0.064), 0.91rem);font-style:normal;font-weight:500;line-height:1.5\">M\u00e1s inter\u00e9s por la eficiencia energ\u00e9tica real.<\/p>\n<\/div>\n\n\n\n<div class=\"wp-block-column has-global-padding is-layout-constrained wp-container-core-column-is-layout-c6e25a76 wp-block-column-is-layout-constrained\" style=\"border-right-style:none;border-right-width:0px;padding-right:1rem;padding-left:1rem\">\n<h6 class=\"wp-block-heading has-text-align-center has-text-color has-hedvig-letters-serif-regular-font-family\" style=\"color:#242925;margin-bottom:0.51rem;font-size:clamp(1.551rem, 1.551rem + ((1vw - 0.2rem) * 1.907), 2.6rem);line-height:1.3;text-transform:capitalize\">310+<\/h6>\n\n\n\n<p class=\"has-text-align-center has-text-color\" style=\"color:#212121;margin-top:0px;margin-bottom:1.77rem;font-size:clamp(0.875rem, 0.875rem + ((1vw - 0.2rem) * 0.064), 0.91rem);font-style:normal;font-weight:500;line-height:1.5\">Temas sobre innovaci\u00f3n, redes y consumo.<\/p>\n<\/div>\n\n\n\n<div class=\"wp-block-column has-global-padding is-layout-constrained wp-container-core-column-is-layout-c6e25a76 wp-block-column-is-layout-constrained\" style=\"padding-right:1rem;padding-left:1rem\">\n<h6 class=\"wp-block-heading has-text-align-center has-text-color has-hedvig-letters-serif-regular-font-family\" style=\"color:#242925;margin-bottom:0.51rem;font-size:clamp(1.551rem, 1.551rem + ((1vw - 0.2rem) * 1.907), 2.6rem);line-height:1.3;text-transform:capitalize\">365<\/h6>\n\n\n\n<p class=\"has-text-align-center has-text-color\" style=\"color:#212121;margin-top:0px;margin-bottom:1.77rem;font-size:clamp(0.875rem, 0.875rem + ((1vw - 0.2rem) * 0.064), 0.91rem);font-style:normal;font-weight:500;line-height:1.5\">D\u00edas de inspiraci\u00f3n para pensar el cambio.<\/p>\n<\/div>\n<\/div>\n<\/div>\n<\/section>\n\n\n\n<div class=\"wp-block-group alignfull has-global-padding is-layout-constrained wp-container-core-group-is-layout-6c6e7e04 wp-block-group-is-layout-constrained\" style=\"margin-top:0;margin-bottom:0;padding-top:5.51rem;padding-right:2rem;padding-bottom:3rem;padding-left:2rem\">\n<div class=\"wp-block-group has-global-padding is-content-justification-left is-layout-constrained wp-container-core-group-is-layout-e6673fbd wp-block-group-is-layout-constrained\" style=\"margin-bottom:20px\">\n<h2 class=\"wp-block-heading has-text-color has-link-color has-hedvig-letters-serif-regular-font-family wp-elements-89b3aec5010087a7e5ae07a0f55d40c9\" style=\"color:#242925;font-size:clamp(1.477rem, 1.477rem + ((1vw - 0.2rem) * 1.769), 2.45rem);\">\u00c1reas de impulso<\/h2>\n<\/div>\n\n\n\n<div class=\"wp-block-group alignwide has-global-padding is-layout-constrained wp-block-group-is-layout-constrained\" style=\"margin-top:1.01rem\">\n<div class=\"wp-block-columns alignwide is-layout-flex wp-container-core-columns-is-layout-c8164556 wp-block-columns-is-layout-flex\">\n<div class=\"wp-block-column has-global-padding is-content-justification-center is-layout-constrained wp-container-core-column-is-layout-412b4476 wp-block-column-is-layout-constrained\" style=\"padding-bottom:2rem\">\n<div class=\"wp-block-group alignfull has-global-padding is-layout-constrained wp-container-core-group-is-layout-d47d106a wp-block-group-is-layout-constrained\">\n<figure class=\"wp-block-image aligncenter size-full is-resized has-custom-border\"><img loading=\"lazy\" decoding=\"async\" width=\"600\" height=\"400\" src=\"https:\/\/learninriver.digital\/wp-content\/uploads\/2026\/04\/27.webp\" alt=\"\" class=\"wp-image-24\" style=\"border-radius:16px;width:400px\" srcset=\"https:\/\/learninriver.digital\/wp-content\/uploads\/2026\/04\/27.webp 600w, https:\/\/learninriver.digital\/wp-content\/uploads\/2026\/04\/27-300x200.webp 300w\" sizes=\"auto, (max-width: 600px) 100vw, 600px\" \/><\/figure>\n\n\n\n<h6 class=\"wp-block-heading has-text-align-left has-text-color has-hedvig-letters-serif-regular-font-family\" style=\"color:#242925;font-size:clamp(0.875rem, 0.875rem + ((1vw - 0.2rem) * 0.664), 1.24rem);line-height:1.4;text-decoration:none;text-transform:capitalize\"><a href=\"#\">Energ\u00eda urbana<\/a><\/h6>\n<\/div>\n<\/div>\n\n\n\n<div class=\"wp-block-column has-global-padding is-layout-constrained wp-container-core-column-is-layout-a3af4fe5 wp-block-column-is-layout-constrained\" style=\"padding-bottom:2rem\">\n<div class=\"wp-block-group alignfull has-global-padding is-layout-constrained wp-container-core-group-is-layout-d47d106a wp-block-group-is-layout-constrained\">\n<figure class=\"wp-block-image aligncenter size-full is-resized has-custom-border\"><img loading=\"lazy\" decoding=\"async\" width=\"600\" height=\"400\" src=\"https:\/\/learninriver.digital\/wp-content\/uploads\/2026\/04\/6.webp\" alt=\"\" class=\"wp-image-25\" style=\"border-radius:16px;width:400px\" srcset=\"https:\/\/learninriver.digital\/wp-content\/uploads\/2026\/04\/6.webp 600w, https:\/\/learninriver.digital\/wp-content\/uploads\/2026\/04\/6-300x200.webp 300w\" sizes=\"auto, (max-width: 600px) 100vw, 600px\" \/><\/figure>\n\n\n\n<h6 class=\"wp-block-heading has-text-align-left has-text-color has-hedvig-letters-serif-regular-font-family\" style=\"color:#242925;font-size:clamp(0.875rem, 0.875rem + ((1vw - 0.2rem) * 0.664), 1.24rem);line-height:1.4;text-decoration:none;text-transform:capitalize\"><a href=\"#\">Tecnolog\u00eda verde<\/a><\/h6>\n<\/div>\n<\/div>\n\n\n\n<div class=\"wp-block-column has-global-padding is-content-justification-center is-layout-constrained wp-container-core-column-is-layout-412b4476 wp-block-column-is-layout-constrained\" style=\"padding-bottom:2rem\">\n<div class=\"wp-block-group alignfull has-global-padding is-layout-constrained wp-container-core-group-is-layout-d47d106a wp-block-group-is-layout-constrained\">\n<figure class=\"wp-block-image aligncenter size-full is-resized has-custom-border\"><img loading=\"lazy\" decoding=\"async\" width=\"600\" height=\"337\" src=\"https:\/\/learninriver.digital\/wp-content\/uploads\/2026\/04\/4.webp\" alt=\"\" class=\"wp-image-26\" style=\"border-radius:16px;width:400px\" srcset=\"https:\/\/learninriver.digital\/wp-content\/uploads\/2026\/04\/4.webp 600w, https:\/\/learninriver.digital\/wp-content\/uploads\/2026\/04\/4-300x169.webp 300w\" sizes=\"auto, (max-width: 600px) 100vw, 600px\" \/><\/figure>\n\n\n\n<h6 class=\"wp-block-heading has-text-align-left has-text-color has-hedvig-letters-serif-regular-font-family\" style=\"color:#242925;font-size:clamp(0.875rem, 0.875rem + ((1vw - 0.2rem) * 0.664), 1.24rem);line-height:1.4;text-decoration:none;text-transform:capitalize\"><a href=\"#\">Consumo eficiente<\/a><\/h6>\n<\/div>\n<\/div>\n<\/div>\n<\/div>\n<\/div>\n\n\n\n<div class=\"wp-block-cover alignfull is-light\"><span aria-hidden=\"true\" class=\"wp-block-cover__background has-background-dim-100 has-background-dim\" style=\"background-color:#f3f3f3\"><\/span><div class=\"wp-block-cover__inner-container has-global-padding is-layout-constrained wp-container-core-cover-is-layout-4383d167 wp-block-cover-is-layout-constrained\">\n<div class=\"wp-block-group alignfull has-global-padding is-layout-constrained wp-container-core-group-is-layout-0117c4cf wp-block-group-is-layout-constrained\" style=\"padding-top:80px;padding-bottom:80px\">\n<div class=\"wp-block-columns alignwide is-layout-flex wp-container-core-columns-is-layout-28f84493 wp-block-columns-is-layout-flex\">\n<div class=\"wp-block-column is-layout-flow wp-block-column-is-layout-flow\" style=\"padding-right:10px;padding-left:10px;flex-basis:50%\">\n<div class=\"wp-block-group is-content-justification-center is-nowrap is-layout-flex wp-container-core-group-is-layout-23441af8 wp-block-group-is-layout-flex\">\n<div class=\"wp-block-group has-global-padding is-content-justification-left is-layout-constrained wp-container-core-group-is-layout-664c02a5 wp-block-group-is-layout-constrained\" style=\"padding-bottom:10px\">\n<h2 class=\"wp-block-heading has-text-color has-link-color has-hedvig-letters-serif-regular-font-family wp-elements-f7ba3562d9308f2c2d094d4754dfa46e\" style=\"color:#242925\">Ra\u00edz innovadora<\/h2>\n\n\n\n<p>Compartimos una mirada amplia sobre el mundo de la energ\u00eda, pensada para acercar conceptos clave a quienes buscan entender mejor el presente y participar en una transformaci\u00f3n m\u00e1s consciente.<\/p>\n\n\n\n<p>Nuestro enfoque une claridad, actualidad y sentido pr\u00e1ctico. Cada publicaci\u00f3n propone una lectura accesible sobre innovaci\u00f3n, sostenibilidad y decisiones que pueden mejorar la vida cotidiana.<\/p>\n\n\n\n<div class=\"wp-block-buttons is-horizontal is-content-justification-left is-layout-flex wp-container-core-buttons-is-layout-4160120e wp-block-buttons-is-layout-flex\" style=\"margin-top:30px\">\n<div class=\"wp-block-button is-style-outline is-style-outline--1\"><a class=\"wp-block-button__link has-text-color has-border-color has-work-sans-regular-font-family has-custom-font-size wp-element-button\" href=\"https:\/\/learninriver.digital\/?page_id=18\" style=\"border-color:#242925;border-style:solid;border-width:1px;border-radius:2.5rem;color:#242925;padding-top:1.1rem;padding-right:40px;padding-bottom:1.1rem;padding-left:40px;font-size:clamp(0.875rem, 0.875rem + ((1vw - 0.2rem) * 0.227), 1rem);font-style:normal;font-weight:700;line-height:1;text-transform:capitalize\">Explorar<\/a><\/div>\n<\/div>\n<\/div>\n<\/div>\n<\/div>\n\n\n\n<div class=\"wp-block-column is-layout-flow wp-block-column-is-layout-flow\" style=\"padding-right:10px;padding-left:10px;flex-basis:50%\">\n<figure class=\"wp-block-image aligncenter size-full has-custom-border\"><img loading=\"lazy\" decoding=\"async\" width=\"600\" height=\"400\" src=\"https:\/\/learninriver.digital\/wp-content\/uploads\/2026\/04\/3.webp\" alt=\"\" class=\"wp-image-27\" style=\"border-radius:16px\" srcset=\"https:\/\/learninriver.digital\/wp-content\/uploads\/2026\/04\/3.webp 600w, https:\/\/learninriver.digital\/wp-content\/uploads\/2026\/04\/3-300x200.webp 300w\" sizes=\"auto, (max-width: 600px) 100vw, 600px\" \/><\/figure>\n<\/div>\n<\/div>\n<\/div>\n<\/div><\/div>\n\n\n\n<section class=\"wp-block-group alignfull has-text-color has-global-padding is-layout-constrained wp-container-core-group-is-layout-83ee5e76 wp-block-group-is-layout-constrained\" style=\"color:#212121;margin-top:0rem;padding-right:1rem;padding-left:1rem;font-size:clamp(0.875rem, 0.875rem + ((1vw - 0.2rem) * 0.464), 1.13rem);font-style:normal;font-weight:400;line-height:1.5\">\n<div class=\"wp-block-group has-global-padding is-layout-constrained wp-container-core-group-is-layout-c328c1cf wp-block-group-is-layout-constrained\" style=\"padding-top:5.01rem;padding-bottom:4.01rem\">\n<div class=\"wp-block-columns is-layout-flex wp-container-core-columns-is-layout-713970fd wp-block-columns-is-layout-flex\">\n<div class=\"wp-block-column has-global-padding is-layout-constrained wp-container-core-column-is-layout-9c8f69bf wp-block-column-is-layout-constrained\" style=\"border-right-style:none;border-right-width:0px;padding-right:1rem;padding-left:1rem\">\n<p class=\"has-text-align-center has-text-color has-hedvig-letters-serif-regular-font-family\" style=\"color:#242925;margin-top:20px;margin-bottom:0.6rem;font-size:clamp(0.875rem, 0.875rem + ((1vw - 0.2rem) * 0.7), 1.26rem);line-height:1.5\">\u201cUn enfoque elegante y \u00fatil para seguir de cerca c\u00f3mo evoluciona la energ\u00eda en nuestra vida diaria.\u201d<\/p>\n\n\n\n<h6 class=\"wp-block-heading has-text-align-center has-text-color has-link-color wp-elements-982c6aa0f6d9d2b7256496c3b03ded86\" style=\"color:#959e95;font-size:0.8rem\">MARIO LUNA<\/h6>\n<\/div>\n\n\n\n<div class=\"wp-block-column has-global-padding is-layout-constrained wp-container-core-column-is-layout-9c8f69bf wp-block-column-is-layout-constrained\" style=\"border-right-style:none;border-right-width:0px;padding-right:1rem;padding-left:1rem\">\n<p class=\"has-text-align-center has-text-color has-hedvig-letters-serif-regular-font-family\" style=\"color:#242925;margin-top:20px;margin-bottom:0.6rem;font-size:clamp(0.875rem, 0.875rem + ((1vw - 0.2rem) * 0.7), 1.26rem);line-height:1.5\">\u201cAqu\u00ed encontr\u00e9 una forma simple de entender tendencias energ\u00e9ticas sin perder profundidad ni claridad.\u201d<\/p>\n\n\n\n<h6 class=\"wp-block-heading has-text-align-center has-text-color has-link-color wp-elements-85e832d4b873bf43a3c6b9a03a8074c5\" style=\"color:#959e95;font-size:0.8rem\">PAULA SERRANO<\/h6>\n<\/div>\n\n\n\n<div class=\"wp-block-column has-global-padding is-layout-constrained wp-container-core-column-is-layout-9c8f69bf wp-block-column-is-layout-constrained\" style=\"border-right-style:none;border-right-width:0px;padding-right:1rem;padding-left:1rem\">\n<p class=\"has-text-align-center has-text-color has-hedvig-letters-serif-regular-font-family\" style=\"color:#242925;margin-top:20px;margin-bottom:0.6rem;font-size:clamp(0.875rem, 0.875rem + ((1vw - 0.2rem) * 0.7), 1.26rem);line-height:1.5\">\u201cMe inspira a pensar la sostenibilidad desde ideas concretas, cercanas y bien explicadas.\u201d<\/p>\n\n\n\n<h6 class=\"wp-block-heading has-text-align-center has-text-color has-link-color wp-elements-9feb9b5f3d7925067bd0835e264836ec\" style=\"color:#959e95;font-size:0.8rem\">SOF\u00cdA REYES<\/h6>\n<\/div>\n<\/div>\n<\/div>\n<\/section>\n\n\n\n<div class=\"wp-block-cover alignfull is-light\"><span aria-hidden=\"true\" class=\"wp-block-cover__background has-background-dim-100 has-background-dim\" style=\"background-color:#f3f3f3\"><\/span><div class=\"wp-block-cover__inner-container has-global-padding is-layout-constrained wp-container-core-cover-is-layout-4383d167 wp-block-cover-is-layout-constrained\">\n<div class=\"wp-block-group alignfull has-global-padding is-layout-constrained wp-container-core-group-is-layout-0117c4cf wp-block-group-is-layout-constrained\" style=\"padding-top:80px;padding-bottom:80px\">\n<div class=\"wp-block-columns alignwide is-layout-flex wp-container-core-columns-is-layout-28f84493 wp-block-columns-is-layout-flex\">\n<div class=\"wp-block-column is-layout-flow wp-block-column-is-layout-flow\" style=\"padding-right:10px;padding-left:10px;flex-basis:40%\">\n<figure class=\"wp-block-image aligncenter size-full has-custom-border\"><img loading=\"lazy\" decoding=\"async\" width=\"600\" height=\"398\" src=\"https:\/\/learninriver.digital\/wp-content\/uploads\/2026\/04\/19.webp\" alt=\"\" class=\"wp-image-28\" style=\"border-radius:16px\" srcset=\"https:\/\/learninriver.digital\/wp-content\/uploads\/2026\/04\/19.webp 600w, https:\/\/learninriver.digital\/wp-content\/uploads\/2026\/04\/19-300x199.webp 300w\" sizes=\"auto, (max-width: 600px) 100vw, 600px\" \/><\/figure>\n<\/div>\n\n\n\n<div class=\"wp-block-column is-vertically-aligned-center is-layout-flow wp-block-column-is-layout-flow\" style=\"padding-right:10px;padding-left:10px;flex-basis:60%\">\n<div class=\"wp-block-group is-content-justification-center is-nowrap is-layout-flex wp-container-core-group-is-layout-23441af8 wp-block-group-is-layout-flex\">\n<div class=\"wp-block-group has-global-padding is-content-justification-left is-layout-constrained wp-container-core-group-is-layout-fa1486d9 wp-block-group-is-layout-constrained\" style=\"padding-top:30px;padding-bottom:30px\">\n<h4 class=\"wp-block-heading has-text-color has-link-color wp-elements-3683f03ddabbd926e9b520e3ab6f9ec4\" style=\"color:#242925;font-size:12px;font-style:normal;font-weight:600;text-transform:uppercase\">Nueva energ\u00eda<\/h4>\n\n\n\n<h2 class=\"wp-block-heading has-text-color has-link-color has-hedvig-letters-serif-regular-font-family wp-elements-bdbe8f4f92bbdf3ce97147c499b89908\" style=\"color:#242925;font-size:clamp(1.502rem, 1.502rem + ((1vw - 0.2rem) * 1.815), 2.5rem);\">Comprender el cambio<\/h2>\n\n\n\n<p style=\"margin-top:0px;margin-right:0px;margin-bottom:0px;margin-left:0px;padding-top:20px;padding-right:0px;padding-bottom:0px;padding-left:0px\">Un recorrido editorial por ideas, datos y perspectivas que muestran c\u00f3mo la energ\u00eda redefine h\u00e1bitos, ciudades y oportunidades, con un lenguaje cercano y una mirada constructiva.<\/p>\n\n\n\n<div class=\"wp-block-buttons is-horizontal is-content-justification-left is-layout-flex wp-container-core-buttons-is-layout-4160120e wp-block-buttons-is-layout-flex\" style=\"margin-top:30px\">\n<div class=\"wp-block-button is-style-outline is-style-outline--2\"><a class=\"wp-block-button__link has-text-color has-border-color has-work-sans-regular-font-family has-custom-font-size wp-element-button\" href=\"https:\/\/learninriver.digital\/?page_id=18\" style=\"border-color:#242925;border-style:solid;border-width:1px;border-radius:2.5rem;color:#242925;padding-top:1.1rem;padding-right:40px;padding-bottom:1.1rem;padding-left:40px;font-size:clamp(0.875rem, 0.875rem + ((1vw - 0.2rem) * 0.227), 1rem);font-style:normal;font-weight:700;line-height:1;text-transform:capitalize\">Entrar al tema<\/a><\/div>\n<\/div>\n<\/div>\n<\/div>\n<\/div>\n<\/div>\n<\/div>\n<\/div><\/div>\n","protected":false},"excerpt":{"rendered":"<p>88% M\u00e1s inter\u00e9s por la eficiencia energ\u00e9tica real. 310+ Temas sobre innovaci\u00f3n, redes y consumo. 365 D\u00edas de inspiraci\u00f3n para pensar el cambio. \u00c1reas de impulso Energ\u00eda urbana Tecnolog\u00eda verde Consumo eficiente \u201cUn enfoque elegante y \u00fatil para seguir de cerca c\u00f3mo evoluciona la energ\u00eda en nuestra vida diaria.\u201d MARIO LUNA \u201cAqu\u00ed encontr\u00e9 una forma [&hellip;]<\/p>\n","protected":false},"author":1,"featured_media":0,"parent":0,"menu_order":0,"comment_status":"closed","ping_status":"closed","template":"","meta":{"footnotes":""},"class_list":["post-13","page","type-page","status-publish","hentry"],"_links":{"self":[{"href":"https:\/\/learninriver.digital\/index.php?rest_route=\/wp\/v2\/pages\/13","targetHints":{"allow":["GET"]}}],"collection":[{"href":"https:\/\/learninriver.digital\/index.php?rest_route=\/wp\/v2\/pages"}],"about":[{"href":"https:\/\/learninriver.digital\/index.php?rest_route=\/wp\/v2\/types\/page"}],"author":[{"embeddable":true,"href":"https:\/\/learninriver.digital\/index.php?rest_route=\/wp\/v2\/users\/1"}],"replies":[{"embeddable":true,"href":"https:\/\/learninriver.digital\/index.php?rest_route=%2Fwp%2Fv2%2Fcomments&post=13"}],"version-history":[{"count":3,"href":"https:\/\/learninriver.digital\/index.php?rest_route=\/wp\/v2\/pages\/13\/revisions"}],"predecessor-version":[{"id":29,"href":"https:\/\/learninriver.digital\/index.php?rest_route=\/wp\/v2\/pages\/13\/revisions\/29"}],"wp:attachment":[{"href":"https:\/\/learninriver.digital\/index.php?rest_route=%2Fwp%2Fv2%2Fmedia&parent=13"}],"curies":[{"name":"wp","href":"https:\/\/api.w.org\/{rel}","templated":true}]}}